{"id":28,"date":"2022-06-02T17:22:57","date_gmt":"2022-06-02T15:22:57","guid":{"rendered":"https:\/\/kuljetusmaxa.fi\/?page_id=28"},"modified":"2022-12-22T21:34:27","modified_gmt":"2022-12-22T20:34:27","slug":"home","status":"publish","type":"page","link":"https:\/\/kuljetusmaxa.fi\/","title":{"rendered":"Etusivu"},"content":{"rendered":"\n<div class=\"wp-block-cover alignfull is-light hestia-clear-top-padding\" style=\"min-height:686px;aspect-ratio:unset;\"><span aria-hidden=\"true\" class=\"wp-block-cover__background has-white-background-color has-background-dim-100 has-background-dim\"><\/span><div class=\"wp-block-cover__inner-container is-layout-flow wp-block-cover-is-layout-flow\">\n<h2 class=\"has-text-align-center has-text-color wp-block-heading\" style=\"color:#3c4858\">Kumppanisi kuljetuspalveluihin P\u00e4ij\u00e4t-H\u00e4meen alueella.<\/h2>\n\n\n\n<hr class=\"wp-block-separator has-alpha-channel-opacity\"\/>\n\n\n\n<div class=\"wp-block-columns container is-layout-flex wp-container-core-columns-is-layout-28f84493 wp-block-columns-is-layout-flex\">\n<div class=\"wp-block-column is-layout-flow wp-block-column-is-layout-flow\"><div class=\"wp-block-image is-style-default\">\n<figure class=\"aligncenter size-full\"><img loading=\"lazy\" decoding=\"async\" width=\"200\" height=\"200\" src=\"https:\/\/kuljetusmaxa.fi\/wp-content\/uploads\/2022\/06\/rekka.png\" alt=\"\" class=\"wp-image-87\" srcset=\"https:\/\/kuljetusmaxa.fi\/wp-content\/uploads\/2022\/06\/rekka.png 200w, https:\/\/kuljetusmaxa.fi\/wp-content\/uploads\/2022\/06\/rekka-150x150.png 150w, https:\/\/kuljetusmaxa.fi\/wp-content\/uploads\/2022\/06\/rekka-12x12.png 12w\" sizes=\"auto, (max-width: 200px) 100vw, 200px\" \/><\/figure>\n<\/div>\n\n\n<h3 class=\"has-text-align-center has-text-color wp-block-heading\" style=\"color:#3c4858;font-size:18px\">Kuljetuspalvelut<\/h3>\n\n\n\n<p class=\"has-text-align-center has-text-color\" style=\"color:#999999;font-size:16px\">Palveluihimme kuuluvat mm. vaihtolavakuljetukset, nosturikuljetukset ja rahtipalvelut.<\/p>\n<\/div>\n\n\n\n<div class=\"wp-block-column is-layout-flow wp-block-column-is-layout-flow\"><div class=\"wp-block-image\">\n<figure class=\"aligncenter size-full\"><img loading=\"lazy\" decoding=\"async\" width=\"200\" height=\"200\" src=\"https:\/\/kuljetusmaxa.fi\/wp-content\/uploads\/2022\/06\/roska.png\" alt=\"\" class=\"wp-image-86\" srcset=\"https:\/\/kuljetusmaxa.fi\/wp-content\/uploads\/2022\/06\/roska.png 200w, https:\/\/kuljetusmaxa.fi\/wp-content\/uploads\/2022\/06\/roska-150x150.png 150w, https:\/\/kuljetusmaxa.fi\/wp-content\/uploads\/2022\/06\/roska-12x12.png 12w\" sizes=\"auto, (max-width: 200px) 100vw, 200px\" \/><\/figure>\n<\/div>\n\n\n<h3 class=\"has-text-align-center has-text-color wp-block-heading\" style=\"color:#3c4858;font-size:18px\">Roskalavan vuokraus<\/h3>\n\n\n\n<p class=\"has-text-align-center has-text-color\" style=\"color:#999999;font-size:16px\">Vuokraamme my\u00f6s roskalavoja. <\/p>\n<\/div>\n\n\n\n<div class=\"wp-block-column is-layout-flow wp-block-column-is-layout-flow\"><div class=\"wp-block-image\">\n<figure class=\"aligncenter size-full\"><img loading=\"lazy\" decoding=\"async\" width=\"200\" height=\"200\" src=\"https:\/\/kuljetusmaxa.fi\/wp-content\/uploads\/2022\/06\/yhteys.png\" alt=\"\" class=\"wp-image-85\" srcset=\"https:\/\/kuljetusmaxa.fi\/wp-content\/uploads\/2022\/06\/yhteys.png 200w, https:\/\/kuljetusmaxa.fi\/wp-content\/uploads\/2022\/06\/yhteys-150x150.png 150w, https:\/\/kuljetusmaxa.fi\/wp-content\/uploads\/2022\/06\/yhteys-12x12.png 12w\" sizes=\"auto, (max-width: 200px) 100vw, 200px\" \/><\/figure>\n<\/div>\n\n\n<h3 class=\"has-text-align-center has-text-color wp-block-heading\" style=\"color:#3c4858;font-size:18px\">Ota yhteytt\u00e4<\/h3>\n\n\n\n<p class=\"has-text-align-center has-text-color\" style=\"color:#999999;font-size:16px\">Ota yhteytt\u00e4 puhelimitse 045 618 6626 tai <a href=\"#contact\">yhteydenottolomakkeen<\/a> kautta.<\/p>\n<\/div>\n<\/div>\n\n\n\n<hr class=\"wp-block-separator has-alpha-channel-opacity\"\/>\n\n\n\n<p class=\"has-text-align-center\"><em>K\u00e4yt\u00f6ss\u00e4 on s\u00e4hk\u00f6inen siirtoasiakirja, joka t\u00e4ytt\u00e4\u00e4 j\u00e4telain vaatimukset. Helpottaa prosessejanne ja raportointia. Pit\u00e4\u00e4 siirtoasiakirjat tallessa.<\/em><\/p>\n\n\n\n<div class=\"wp-block-columns container is-layout-flex wp-container-core-columns-is-layout-28f84493 wp-block-columns-is-layout-flex\">\n<div class=\"wp-block-column is-layout-flow wp-block-column-is-layout-flow\"><div class=\"wp-block-image is-style-default\">\n<figure class=\"aligncenter size-full\"><img loading=\"lazy\" decoding=\"async\" width=\"2016\" height=\"1134\" src=\"https:\/\/kuljetusmaxa.fi\/wp-content\/uploads\/2022\/06\/Auto4-edited.jpeg\" alt=\"\" class=\"wp-image-111\" srcset=\"https:\/\/kuljetusmaxa.fi\/wp-content\/uploads\/2022\/06\/Auto4-edited.jpeg 2016w, https:\/\/kuljetusmaxa.fi\/wp-content\/uploads\/2022\/06\/Auto4-edited-300x169.jpeg 300w, https:\/\/kuljetusmaxa.fi\/wp-content\/uploads\/2022\/06\/Auto4-edited-1024x576.jpeg 1024w, https:\/\/kuljetusmaxa.fi\/wp-content\/uploads\/2022\/06\/Auto4-edited-768x432.jpeg 768w, https:\/\/kuljetusmaxa.fi\/wp-content\/uploads\/2022\/06\/Auto4-edited-1536x864.jpeg 1536w, https:\/\/kuljetusmaxa.fi\/wp-content\/uploads\/2022\/06\/Auto4-edited-18x10.jpeg 18w\" sizes=\"auto, (max-width: 2016px) 100vw, 2016px\" \/><\/figure>\n<\/div><\/div>\n\n\n\n<div class=\"wp-block-column is-layout-flow wp-block-column-is-layout-flow\"><div class=\"wp-block-image is-style-default\">\n<figure class=\"aligncenter size-large\"><img loading=\"lazy\" decoding=\"async\" width=\"1024\" height=\"768\" src=\"https:\/\/kuljetusmaxa.fi\/wp-content\/uploads\/2022\/12\/WhatsApp-Image-2022-12-13-at-17.10.35-1024x768.jpeg\" alt=\"\" class=\"wp-image-128\" srcset=\"https:\/\/kuljetusmaxa.fi\/wp-content\/uploads\/2022\/12\/WhatsApp-Image-2022-12-13-at-17.10.35-1024x768.jpeg 1024w, https:\/\/kuljetusmaxa.fi\/wp-content\/uploads\/2022\/12\/WhatsApp-Image-2022-12-13-at-17.10.35-300x225.jpeg 300w, https:\/\/kuljetusmaxa.fi\/wp-content\/uploads\/2022\/12\/WhatsApp-Image-2022-12-13-at-17.10.35-768x576.jpeg 768w, https:\/\/kuljetusmaxa.fi\/wp-content\/uploads\/2022\/12\/WhatsApp-Image-2022-12-13-at-17.10.35-1536x1152.jpeg 1536w, https:\/\/kuljetusmaxa.fi\/wp-content\/uploads\/2022\/12\/WhatsApp-Image-2022-12-13-at-17.10.35-16x12.jpeg 16w, https:\/\/kuljetusmaxa.fi\/wp-content\/uploads\/2022\/12\/WhatsApp-Image-2022-12-13-at-17.10.35.jpeg 2016w\" sizes=\"auto, (max-width: 1024px) 100vw, 1024px\" \/><\/figure>\n<\/div><\/div>\n<\/div>\n\n\n\n<p class=\"has-text-align-center\"><strong>Kuljetus-M\u00e4x\u00e4 Oy<\/strong> on perustettu vuonna 2015. Olemme Vastuu Groupin j\u00e4sen, Suomen Yritt\u00e4jien j\u00e4senyritys ja AA-luokiteltu luotettava kuljetuskumppani.<\/p>\n\n\n\n<hr class=\"wp-block-separator has-alpha-channel-opacity\"\/>\n<\/div><\/div>\n","protected":false},"excerpt":{"rendered":"","protected":false},"author":1,"featured_media":0,"parent":0,"menu_order":0,"comment_status":"closed","ping_status":"closed","template":"","meta":{"_themeisle_gutenberg_block_has_review":false,"footnotes":""},"class_list":["post-28","page","type-page","status-publish","hentry"],"_links":{"self":[{"href":"https:\/\/kuljetusmaxa.fi\/index.php\/wp-json\/wp\/v2\/pages\/28","targetHints":{"allow":["GET"]}}],"collection":[{"href":"https:\/\/kuljetusmaxa.fi\/index.php\/wp-json\/wp\/v2\/pages"}],"about":[{"href":"https:\/\/kuljetusmaxa.fi\/index.php\/wp-json\/wp\/v2\/types\/page"}],"author":[{"embeddable":true,"href":"https:\/\/kuljetusmaxa.fi\/index.php\/wp-json\/wp\/v2\/users\/1"}],"replies":[{"embeddable":true,"href":"https:\/\/kuljetusmaxa.fi\/index.php\/wp-json\/wp\/v2\/comments?post=28"}],"version-history":[{"count":18,"href":"https:\/\/kuljetusmaxa.fi\/index.php\/wp-json\/wp\/v2\/pages\/28\/revisions"}],"predecessor-version":[{"id":136,"href":"https:\/\/kuljetusmaxa.fi\/index.php\/wp-json\/wp\/v2\/pages\/28\/revisions\/136"}],"wp:attachment":[{"href":"https:\/\/kuljetusmaxa.fi\/index.php\/wp-json\/wp\/v2\/media?parent=28"}],"curies":[{"name":"wp","href":"https:\/\/api.w.org\/{rel}","templated":true}]}}